{"id":30,"date":"2019-11-18T20:58:09","date_gmt":"2019-11-18T19:58:09","guid":{"rendered":"http:\/\/box5488.temp.domains\/~fivefol4\/?page_id=30"},"modified":"2022-04-08T16:36:08","modified_gmt":"2022-04-08T14:36:08","slug":"home","status":"publish","type":"page","link":"https:\/\/www.fivefoldtraining.com\/eng\/","title":{"rendered":"Home"},"content":{"rendered":"","protected":false},"excerpt":{"rendered":"","protected":false},"author":2,"featured_media":0,"parent":0,"menu_order":0,"comment_status":"closed","ping_status":"closed","template":"","meta":{"_seopress_robots_primary_cat":"","_seopress_titles_title":"Innovative und interaktive f\u00fcnff\u00e4ltige Lernerlebnisse","_seopress_titles_desc":"Hast du schon mal vom f\u00fcnff\u00e4ltigen Dienst geh\u00f6rt, aber du verstehst noch nicht genau worum es geht?","_seopress_robots_index":"","footnotes":""},"class_list":["post-30","page","type-page","status-publish","hentry"],"_links":{"self":[{"href":"https:\/\/www.fivefoldtraining.com\/eng\/wp-json\/wp\/v2\/pages\/30","targetHints":{"allow":["GET"]}}],"collection":[{"href":"https:\/\/www.fivefoldtraining.com\/eng\/wp-json\/wp\/v2\/pages"}],"about":[{"href":"https:\/\/www.fivefoldtraining.com\/eng\/wp-json\/wp\/v2\/types\/page"}],"author":[{"embeddable":true,"href":"https:\/\/www.fivefoldtraining.com\/eng\/wp-json\/wp\/v2\/users\/2"}],"replies":[{"embeddable":true,"href":"https:\/\/www.fivefoldtraining.com\/eng\/wp-json\/wp\/v2\/comments?post=30"}],"version-history":[{"count":1,"href":"https:\/\/www.fivefoldtraining.com\/eng\/wp-json\/wp\/v2\/pages\/30\/revisions"}],"predecessor-version":[{"id":673,"href":"https:\/\/www.fivefoldtraining.com\/eng\/wp-json\/wp\/v2\/pages\/30\/revisions\/673"}],"wp:attachment":[{"href":"https:\/\/www.fivefoldtraining.com\/eng\/wp-json\/wp\/v2\/media?parent=30"}],"curies":[{"name":"wp","href":"https:\/\/api.w.org\/{rel}","templated":true}]}}