{"id":141,"date":"2019-12-23T13:34:43","date_gmt":"2019-12-23T12:34:43","guid":{"rendered":"http:\/\/box5488.temp.domains\/~fivefol4\/?page_id=141"},"modified":"2022-04-08T16:40:41","modified_gmt":"2022-04-08T14:40:41","slug":"trainings","status":"publish","type":"page","link":"https:\/\/www.fivefoldtraining.com\/eng\/trainings\/","title":{"rendered":"Trainings"},"content":{"rendered":"","protected":false},"excerpt":{"rendered":"","protected":false},"author":2,"featured_media":0,"parent":0,"menu_order":1,"comment_status":"closed","ping_status":"closed","template":"","meta":{"_seopress_robots_primary_cat":"","_seopress_titles_title":"Interaktive Trainings zum f\u00fcnff\u00e4ltigen Dienst","_seopress_titles_desc":"F\u00fcr dein Team, deine Gemeinde oder \u00fcbergemeindlich\r\n","_seopress_robots_index":"","footnotes":""},"class_list":["post-141","page","type-page","status-publish","hentry"],"_links":{"self":[{"href":"https:\/\/www.fivefoldtraining.com\/eng\/wp-json\/wp\/v2\/pages\/141","targetHints":{"allow":["GET"]}}],"collection":[{"href":"https:\/\/www.fivefoldtraining.com\/eng\/wp-json\/wp\/v2\/pages"}],"about":[{"href":"https:\/\/www.fivefoldtraining.com\/eng\/wp-json\/wp\/v2\/types\/page"}],"author":[{"embeddable":true,"href":"https:\/\/www.fivefoldtraining.com\/eng\/wp-json\/wp\/v2\/users\/2"}],"replies":[{"embeddable":true,"href":"https:\/\/www.fivefoldtraining.com\/eng\/wp-json\/wp\/v2\/comments?post=141"}],"version-history":[{"count":1,"href":"https:\/\/www.fivefoldtraining.com\/eng\/wp-json\/wp\/v2\/pages\/141\/revisions"}],"predecessor-version":[{"id":687,"href":"https:\/\/www.fivefoldtraining.com\/eng\/wp-json\/wp\/v2\/pages\/141\/revisions\/687"}],"wp:attachment":[{"href":"https:\/\/www.fivefoldtraining.com\/eng\/wp-json\/wp\/v2\/media?parent=141"}],"curies":[{"name":"wp","href":"https:\/\/api.w.org\/{rel}","templated":true}]}}